{"id":2973,"date":"2023-10-17T14:17:46","date_gmt":"2023-10-17T17:17:46","guid":{"rendered":"https:\/\/marapongamartmoda.com.br\/cearasummerfashion\/?page_id=2973"},"modified":"2025-10-15T16:00:59","modified_gmt":"2025-10-15T19:00:59","slug":"tendencias-alto-verao","status":"publish","type":"page","link":"https:\/\/marapongamartmoda.com.br\/cearasummerfashion\/tendencias-alto-verao\/","title":{"rendered":"Tend\u00eancias alto ver\u00e3o"},"content":{"rendered":"\t\t<div data-elementor-type=\"wp-page\" data-elementor-id=\"2973\" class=\"elementor elementor-2973\">\n\t\t\t\t<div class=\"elementor-element elementor-element-ff1f664 e-flex e-con-boxed e-con e-parent\" data-id=\"ff1f664\" data-element_type=\"container\" data-settings=\"{&quot;background_background&quot;:&quot;classic&quot;}\">\n\t\t\t\t\t<div class=\"e-con-inner\">\n\t\t<div class=\"elementor-element elementor-element-ea43237 e-con-full e-flex e-con e-child\" data-id=\"ea43237\" data-element_type=\"container\">\n\t\t\t\t<\/div>\n\t\t\t\t\t<\/div>\n\t\t\t\t<\/div>\n\t\t<div class=\"elementor-element elementor-element-1b0e4fc e-flex e-con-boxed e-con e-parent\" data-id=\"1b0e4fc\" data-element_type=\"container\">\n\t\t\t\t\t<div class=\"e-con-inner\">\n\t\t<div class=\"elementor-element elementor-element-9594cb9 e-con-full e-flex e-con e-child\" data-id=\"9594cb9\" data-element_type=\"container\">\n\t\t\t\t<div class=\"elementor-element elementor-element-ef15f1b elementor-widget elementor-widget-heading\" data-id=\"ef15f1b\" data-element_type=\"widget\" data-widget_type=\"heading.default\">\n\t\t\t\t<div class=\"elementor-widget-container\">\n\t\t\t\t\t<h2 class=\"elementor-heading-title elementor-size-default\">Tend\u00eancias alto ver\u00e3o<\/h2>\t\t\t\t<\/div>\n\t\t\t\t<\/div>\n\t\t\t\t<div class=\"elementor-element elementor-element-318dd1d elementor-widget-tablet__width-initial elementor-widget elementor-widget-text-editor\" data-id=\"318dd1d\" data-element_type=\"widget\" data-widget_type=\"text-editor.default\">\n\t\t\t\t<div class=\"elementor-widget-container\">\n\t\t\t\t\t\t\t\t\t<p>No Maraponga Mart Moda, o maior shopping atacadista do Norte e Nordeste, voc\u00ea encontra as principais apostas do Alto Ver\u00e3o \u2014 cores, estilos e combina\u00e7\u00f5es que traduzem o desejo da temporada e impulsionam as vendas no varejo.<\/p><p>Aqui, cada cole\u00e7\u00e3o \u00e9 pensada para quem compra com estrat\u00e9gia: moda atualizada, pronta-entrega e alto potencial de giro.<br \/>Atualize seu estoque com as tend\u00eancias certas e ofere\u00e7a ao seu cliente aquilo que desperta desejo e gera resultado.<br \/>Maraponga Mart Moda: refer\u00eancia em atacado e em lan\u00e7amentos que vendem.<\/p>\t\t\t\t\t\t\t\t<\/div>\n\t\t\t\t<\/div>\n\t\t\t\t<\/div>\n\t\t\t\t\t<\/div>\n\t\t\t\t<\/div>\n\t\t<div class=\"elementor-element elementor-element-c24854a e-flex e-con-boxed e-con e-parent\" data-id=\"c24854a\" data-element_type=\"container\">\n\t\t\t\t\t<div class=\"e-con-inner\">\n\t\t<div class=\"elementor-element elementor-element-566fd34 e-con-full e-flex e-con e-child\" data-id=\"566fd34\" data-element_type=\"container\" data-settings=\"{&quot;background_background&quot;:&quot;gradient&quot;}\">\n\t\t\t\t<div class=\"elementor-element elementor-element-5a28d56 elementor-position-top elementor-widget elementor-widget-image-box\" data-id=\"5a28d56\" data-element_type=\"widget\" data-widget_type=\"image-box.default\">\n\t\t\t\t<div class=\"elementor-widget-container\">\n\t\t\t\t\t<div class=\"elementor-image-box-wrapper\"><figure class=\"elementor-image-box-img\"><img fetchpriority=\"high\" decoding=\"async\" width=\"2560\" height=\"1440\" src=\"https:\/\/marapongamartmoda.com.br\/cearasummerfashion\/wp-content\/uploads\/2025\/10\/IMG_5464-scaled.jpg\" class=\"attachment-full size-full wp-image-4745\" alt=\"\" srcset=\"https:\/\/marapongamartmoda.com.br\/cearasummerfashion\/wp-content\/uploads\/2025\/10\/IMG_5464-scaled.jpg 2560w, https:\/\/marapongamartmoda.com.br\/cearasummerfashion\/wp-content\/uploads\/2025\/10\/IMG_5464-300x169.jpg 300w, https:\/\/marapongamartmoda.com.br\/cearasummerfashion\/wp-content\/uploads\/2025\/10\/IMG_5464-1024x576.jpg 1024w, https:\/\/marapongamartmoda.com.br\/cearasummerfashion\/wp-content\/uploads\/2025\/10\/IMG_5464-768x432.jpg 768w, https:\/\/marapongamartmoda.com.br\/cearasummerfashion\/wp-content\/uploads\/2025\/10\/IMG_5464-1536x864.jpg 1536w, https:\/\/marapongamartmoda.com.br\/cearasummerfashion\/wp-content\/uploads\/2025\/10\/IMG_5464-2048x1152.jpg 2048w\" sizes=\"(max-width: 2560px) 100vw, 2560px\" \/><\/figure><div class=\"elementor-image-box-content\"><h3 class=\"elementor-image-box-title\">Tons Pasteis<\/h3><p class=\"elementor-image-box-description\">Os tons suaves continuam com for\u00e7a, refor\u00e7ando a busca por calma e feminilidade\u2026<\/p><\/div><\/div>\t\t\t\t<\/div>\n\t\t\t\t<\/div>\n\t\t\t\t<div class=\"elementor-element elementor-element-7140286 elementor-align-center elementor-widget elementor-widget-button\" data-id=\"7140286\" data-element_type=\"widget\" data-widget_type=\"button.default\">\n\t\t\t\t<div class=\"elementor-widget-container\">\n\t\t\t\t\t\t\t\t\t<div class=\"elementor-button-wrapper\">\n\t\t\t\t\t<a class=\"elementor-button elementor-button-link elementor-size-sm\" href=\"https:\/\/marapongamartmoda.com.br\/cearasummerfashion\/tons-pasteis\/\">\n\t\t\t\t\t\t<span class=\"elementor-button-content-wrapper\">\n\t\t\t\t\t\t\t\t\t<span class=\"elementor-button-text\">Veja mais<\/span>\n\t\t\t\t\t<\/span>\n\t\t\t\t\t<\/a>\n\t\t\t\t<\/div>\n\t\t\t\t\t\t\t\t<\/div>\n\t\t\t\t<\/div>\n\t\t\t\t<\/div>\n\t\t<div class=\"elementor-element elementor-element-f9fb353 e-con-full e-flex e-con e-child\" data-id=\"f9fb353\" data-element_type=\"container\" data-settings=\"{&quot;background_background&quot;:&quot;gradient&quot;}\">\n\t\t\t\t<div class=\"elementor-element elementor-element-349f04f elementor-position-top elementor-widget elementor-widget-image-box\" data-id=\"349f04f\" data-element_type=\"widget\" data-widget_type=\"image-box.default\">\n\t\t\t\t<div class=\"elementor-widget-container\">\n\t\t\t\t\t<div class=\"elementor-image-box-wrapper\"><figure class=\"elementor-image-box-img\"><img decoding=\"async\" width=\"2560\" height=\"1440\" src=\"https:\/\/marapongamartmoda.com.br\/cearasummerfashion\/wp-content\/uploads\/2025\/10\/IMG_5532-scaled.jpg\" class=\"attachment-full size-full wp-image-4777\" alt=\"\" srcset=\"https:\/\/marapongamartmoda.com.br\/cearasummerfashion\/wp-content\/uploads\/2025\/10\/IMG_5532-scaled.jpg 2560w, https:\/\/marapongamartmoda.com.br\/cearasummerfashion\/wp-content\/uploads\/2025\/10\/IMG_5532-300x169.jpg 300w, https:\/\/marapongamartmoda.com.br\/cearasummerfashion\/wp-content\/uploads\/2025\/10\/IMG_5532-1024x576.jpg 1024w, https:\/\/marapongamartmoda.com.br\/cearasummerfashion\/wp-content\/uploads\/2025\/10\/IMG_5532-768x432.jpg 768w, https:\/\/marapongamartmoda.com.br\/cearasummerfashion\/wp-content\/uploads\/2025\/10\/IMG_5532-1536x864.jpg 1536w, https:\/\/marapongamartmoda.com.br\/cearasummerfashion\/wp-content\/uploads\/2025\/10\/IMG_5532-2048x1152.jpg 2048w\" sizes=\"(max-width: 2560px) 100vw, 2560px\" \/><\/figure><div class=\"elementor-image-box-content\"><h3 class=\"elementor-image-box-title\">Branco em evid\u00eancia<\/h3><p class=\"elementor-image-box-description\">O branco total retorna como sin\u00f4nimo de leveza, pureza e eleg\u00e2ncia\u2026<\/p><\/div><\/div>\t\t\t\t<\/div>\n\t\t\t\t<\/div>\n\t\t\t\t<div class=\"elementor-element elementor-element-ec47139 elementor-align-center elementor-widget elementor-widget-button\" data-id=\"ec47139\" data-element_type=\"widget\" data-widget_type=\"button.default\">\n\t\t\t\t<div class=\"elementor-widget-container\">\n\t\t\t\t\t\t\t\t\t<div class=\"elementor-button-wrapper\">\n\t\t\t\t\t<a class=\"elementor-button elementor-button-link elementor-size-sm\" href=\"https:\/\/marapongamartmoda.com.br\/cearasummerfashion\/branco-em-evidencia\/\">\n\t\t\t\t\t\t<span class=\"elementor-button-content-wrapper\">\n\t\t\t\t\t\t\t\t\t<span class=\"elementor-button-text\">Veja mais<\/span>\n\t\t\t\t\t<\/span>\n\t\t\t\t\t<\/a>\n\t\t\t\t<\/div>\n\t\t\t\t\t\t\t\t<\/div>\n\t\t\t\t<\/div>\n\t\t\t\t<\/div>\n\t\t<div class=\"elementor-element elementor-element-ca877ad e-con-full e-flex e-con e-child\" data-id=\"ca877ad\" data-element_type=\"container\" data-settings=\"{&quot;background_background&quot;:&quot;gradient&quot;}\">\n\t\t\t\t<div class=\"elementor-element elementor-element-2305c2f elementor-position-top elementor-widget elementor-widget-image-box\" data-id=\"2305c2f\" data-element_type=\"widget\" data-widget_type=\"image-box.default\">\n\t\t\t\t<div class=\"elementor-widget-container\">\n\t\t\t\t\t<div class=\"elementor-image-box-wrapper\"><figure class=\"elementor-image-box-img\"><img decoding=\"async\" width=\"2560\" height=\"1440\" src=\"https:\/\/marapongamartmoda.com.br\/cearasummerfashion\/wp-content\/uploads\/2025\/10\/IMG_5481-scaled.jpg\" class=\"attachment-full size-full wp-image-4717\" alt=\"\" srcset=\"https:\/\/marapongamartmoda.com.br\/cearasummerfashion\/wp-content\/uploads\/2025\/10\/IMG_5481-scaled.jpg 2560w, https:\/\/marapongamartmoda.com.br\/cearasummerfashion\/wp-content\/uploads\/2025\/10\/IMG_5481-300x169.jpg 300w, https:\/\/marapongamartmoda.com.br\/cearasummerfashion\/wp-content\/uploads\/2025\/10\/IMG_5481-1024x576.jpg 1024w, https:\/\/marapongamartmoda.com.br\/cearasummerfashion\/wp-content\/uploads\/2025\/10\/IMG_5481-768x432.jpg 768w, https:\/\/marapongamartmoda.com.br\/cearasummerfashion\/wp-content\/uploads\/2025\/10\/IMG_5481-1536x864.jpg 1536w, https:\/\/marapongamartmoda.com.br\/cearasummerfashion\/wp-content\/uploads\/2025\/10\/IMG_5481-2048x1152.jpg 2048w\" sizes=\"(max-width: 2560px) 100vw, 2560px\" \/><\/figure><div class=\"elementor-image-box-content\"><h3 class=\"elementor-image-box-title\">Tons terrosos<\/h3><p class=\"elementor-image-box-description\">A est\u00e9tica natural segue forte, com verde oliva, terracota, areia e marrom\u2026<\/p><\/div><\/div>\t\t\t\t<\/div>\n\t\t\t\t<\/div>\n\t\t\t\t<div class=\"elementor-element elementor-element-52a58f0 elementor-align-center elementor-widget elementor-widget-button\" data-id=\"52a58f0\" data-element_type=\"widget\" data-widget_type=\"button.default\">\n\t\t\t\t<div class=\"elementor-widget-container\">\n\t\t\t\t\t\t\t\t\t<div class=\"elementor-button-wrapper\">\n\t\t\t\t\t<a class=\"elementor-button elementor-button-link elementor-size-sm\" href=\"https:\/\/marapongamartmoda.com.br\/cearasummerfashion\/tons-terrosos\/\">\n\t\t\t\t\t\t<span class=\"elementor-button-content-wrapper\">\n\t\t\t\t\t\t\t\t\t<span class=\"elementor-button-text\">Veja mais<\/span>\n\t\t\t\t\t<\/span>\n\t\t\t\t\t<\/a>\n\t\t\t\t<\/div>\n\t\t\t\t\t\t\t\t<\/div>\n\t\t\t\t<\/div>\n\t\t\t\t<\/div>\n\t\t\t\t\t<\/div>\n\t\t\t\t<\/div>\n\t\t\t\t<\/div>\n\t\t","protected":false},"excerpt":{"rendered":"<p>Tend\u00eancias alto ver\u00e3o No Maraponga Mart Moda, o maior shopping atacadista do Norte e Nordeste, voc\u00ea encontra as principais apostas do Alto Ver\u00e3o \u2014 cores, estilos e combina\u00e7\u00f5es que traduzem o desejo da temporada e impulsionam as vendas no varejo. Aqui, cada cole\u00e7\u00e3o \u00e9 pensada para quem compra com estrat\u00e9gia: moda atualizada, pronta-entrega e alto [&hellip;]<\/p>\n","protected":false},"author":1,"featured_media":0,"parent":0,"menu_order":0,"comment_status":"closed","ping_status":"closed","template":"","meta":{"_uag_custom_page_level_css":"","site-sidebar-layout":"no-sidebar","site-content-layout":"page-builder","ast-site-content-layout":"full-width-container","site-content-style":"default","site-sidebar-style":"default","ast-global-header-display":"","ast-banner-title-visibility":"","ast-main-header-display":"","ast-hfb-above-header-display":"","ast-hfb-below-header-display":"","ast-hfb-mobile-header-display":"","site-post-title":"","ast-breadcrumbs-content":"","ast-featured-img":"disabled","footer-sml-layout":"","theme-transparent-header-meta":"","adv-header-id-meta":"","stick-header-meta":"","header-above-stick-meta":"","header-main-stick-meta":"","header-below-stick-meta":"","astra-migrate-meta-layouts":"set","ast-page-background-enabled":"default","ast-page-background-meta":{"desktop":{"background-color":"","background-image":"","background-repeat":"repeat","background-position":"center center","background-size":"auto","background-attachment":"scroll","background-type":"","background-media":"","overlay-type":"","overlay-color":"","overlay-opacity":"","overlay-gradient":""},"tablet":{"background-color":"","background-image":"","background-repeat":"repeat","background-position":"center center","background-size":"auto","background-attachment":"scroll","background-type":"","background-media":"","overlay-type":"","overlay-color":"","overlay-opacity":"","overlay-gradient":""},"mobile":{"background-color":"","background-image":"","background-repeat":"repeat","background-position":"center center","background-size":"auto","background-attachment":"scroll","background-type":"","background-media":"","overlay-type":"","overlay-color":"","overlay-opacity":"","overlay-gradient":""}},"ast-content-background-meta":{"desktop":{"background-color":"var(--ast-global-color-5)","background-image":"","background-repeat":"repeat","background-position":"center center","background-size":"auto","background-attachment":"scroll","background-type":"","background-media":"","overlay-type":"","overlay-color":"","overlay-opacity":"","overlay-gradient":""},"tablet":{"background-color":"var(--ast-global-color-5)","background-image":"","background-repeat":"repeat","background-position":"center center","background-size":"auto","background-attachment":"scroll","background-type":"","background-media":"","overlay-type":"","overlay-color":"","overlay-opacity":"","overlay-gradient":""},"mobile":{"background-color":"var(--ast-global-color-5)","background-image":"","background-repeat":"repeat","background-position":"center center","background-size":"auto","background-attachment":"scroll","background-type":"","background-media":"","overlay-type":"","overlay-color":"","overlay-opacity":"","overlay-gradient":""}},"footnotes":""},"marcas":[],"class_list":["post-2973","page","type-page","status-publish","hentry"],"uagb_featured_image_src":{"full":false,"thumbnail":false,"medium":false,"medium_large":false,"large":false,"1536x1536":false,"2048x2048":false,"htmega_size_585x295":false,"htmega_size_1170x536":false,"htmega_size_396x360":false},"uagb_author_info":{"display_name":"andre@mmmoda","author_link":"https:\/\/marapongamartmoda.com.br\/cearasummerfashion\/author\/andremmmoda\/"},"uagb_comment_info":0,"uagb_excerpt":"Tend\u00eancias alto ver\u00e3o No Maraponga Mart Moda, o maior shopping atacadista do Norte e Nordeste, voc\u00ea encontra as principais apostas do Alto Ver\u00e3o \u2014 cores, estilos e combina\u00e7\u00f5es que traduzem o desejo da temporada e impulsionam as vendas no varejo. Aqui, cada cole\u00e7\u00e3o \u00e9 pensada para quem compra com estrat\u00e9gia: moda atualizada, pronta-entrega e alto&hellip;","_links":{"self":[{"href":"https:\/\/marapongamartmoda.com.br\/cearasummerfashion\/wp-json\/wp\/v2\/pages\/2973","targetHints":{"allow":["GET"]}}],"collection":[{"href":"https:\/\/marapongamartmoda.com.br\/cearasummerfashion\/wp-json\/wp\/v2\/pages"}],"about":[{"href":"https:\/\/marapongamartmoda.com.br\/cearasummerfashion\/wp-json\/wp\/v2\/types\/page"}],"author":[{"embeddable":true,"href":"https:\/\/marapongamartmoda.com.br\/cearasummerfashion\/wp-json\/wp\/v2\/users\/1"}],"replies":[{"embeddable":true,"href":"https:\/\/marapongamartmoda.com.br\/cearasummerfashion\/wp-json\/wp\/v2\/comments?post=2973"}],"version-history":[{"count":58,"href":"https:\/\/marapongamartmoda.com.br\/cearasummerfashion\/wp-json\/wp\/v2\/pages\/2973\/revisions"}],"predecessor-version":[{"id":5460,"href":"https:\/\/marapongamartmoda.com.br\/cearasummerfashion\/wp-json\/wp\/v2\/pages\/2973\/revisions\/5460"}],"wp:attachment":[{"href":"https:\/\/marapongamartmoda.com.br\/cearasummerfashion\/wp-json\/wp\/v2\/media?parent=2973"}],"wp:term":[{"taxonomy":"marcas","embeddable":true,"href":"https:\/\/marapongamartmoda.com.br\/cearasummerfashion\/wp-json\/wp\/v2\/marcas?post=2973"}],"curies":[{"name":"wp","href":"https:\/\/api.w.org\/{rel}","templated":true}]}}