{"id":4773,"date":"2025-10-11T14:33:45","date_gmt":"2025-10-11T17:33:45","guid":{"rendered":"https:\/\/marapongamartmoda.com.br\/cearasummerfashion\/?page_id=4773"},"modified":"2025-10-13T10:29:01","modified_gmt":"2025-10-13T13:29:01","slug":"branco-em-evidencia","status":"publish","type":"page","link":"https:\/\/marapongamartmoda.com.br\/cearasummerfashion\/branco-em-evidencia\/","title":{"rendered":"Branco em evid\u00eancia"},"content":{"rendered":"\t\t<div data-elementor-type=\"wp-page\" data-elementor-id=\"4773\" class=\"elementor elementor-4773\">\n\t\t\t\t<div class=\"elementor-element elementor-element-7cb1722 e-flex e-con-boxed e-con e-parent\" data-id=\"7cb1722\" data-element_type=\"container\" data-settings=\"{&quot;background_background&quot;:&quot;classic&quot;}\">\n\t\t\t\t\t<div class=\"e-con-inner\">\n\t\t<div class=\"elementor-element elementor-element-25b0985 e-con-full e-flex e-con e-child\" data-id=\"25b0985\" data-element_type=\"container\">\n\t\t\t\t<div class=\"elementor-element elementor-element-100c509 elementor-widget elementor-widget-heading\" data-id=\"100c509\" data-element_type=\"widget\" data-widget_type=\"heading.default\">\n\t\t\t\t<div class=\"elementor-widget-container\">\n\t\t\t\t\t<h2 class=\"elementor-heading-title elementor-size-default\">Branco em evid\u00eancia<\/h2>\t\t\t\t<\/div>\n\t\t\t\t<\/div>\n\t\t\t\t<\/div>\n\t\t\t\t\t<\/div>\n\t\t\t\t<\/div>\n\t\t<div class=\"elementor-element elementor-element-35894f8 e-flex e-con-boxed e-con e-parent\" data-id=\"35894f8\" data-element_type=\"container\">\n\t\t\t\t\t<div class=\"e-con-inner\">\n\t\t<div class=\"elementor-element elementor-element-d18f180 e-con-full e-flex e-con e-child\" data-id=\"d18f180\" data-element_type=\"container\">\n\t\t\t\t<div class=\"elementor-element elementor-element-05d3b1c elementor-widget elementor-widget-heading\" data-id=\"05d3b1c\" data-element_type=\"widget\" data-widget_type=\"heading.default\">\n\t\t\t\t<div class=\"elementor-widget-container\">\n\t\t\t\t\t<h2 class=\"elementor-heading-title elementor-size-default\">Cores do Alto Ver\u00e3o 2026<\/h2>\t\t\t\t<\/div>\n\t\t\t\t<\/div>\n\t\t\t\t<div class=\"elementor-element elementor-element-e75f126 elementor-widget elementor-widget-heading\" data-id=\"e75f126\" data-element_type=\"widget\" data-widget_type=\"heading.default\">\n\t\t\t\t<div class=\"elementor-widget-container\">\n\t\t\t\t\t<h3 class=\"elementor-heading-title elementor-size-default\">A paleta que vai movimentar as vitrines e impulsionar as vendas no atacado<\/h3>\t\t\t\t<\/div>\n\t\t\t\t<\/div>\n\t\t\t\t<div class=\"elementor-element elementor-element-127703e elementor-widget__width-initial elementor-widget elementor-widget-text-editor\" data-id=\"127703e\" data-element_type=\"widget\" data-widget_type=\"text-editor.default\">\n\t\t\t\t<div class=\"elementor-widget-container\">\n\t\t\t\t\t\t\t\t\t<p>As <strong>cores do Alto Ver\u00e3o 2026<\/strong> chegam com prop\u00f3sito: inspirar emo\u00e7\u00e3o, traduzir frescor tropical e gerar desejo imediato no ponto de venda.<br \/>A temporada aposta em uma paleta que une <strong>leveza, otimismo e sofistica\u00e7\u00e3o<\/strong>, perfeita para quem revende moda e quer conquistar o olhar da cliente j\u00e1 na vitrine.<\/p>\t\t\t\t\t\t\t\t<\/div>\n\t\t\t\t<\/div>\n\t\t\t\t<\/div>\n\t\t\t\t\t<\/div>\n\t\t\t\t<\/div>\n\t\t<div class=\"elementor-element elementor-element-4231394 e-flex e-con-boxed e-con e-parent\" data-id=\"4231394\" data-element_type=\"container\">\n\t\t\t\t\t<div class=\"e-con-inner\">\n\t\t<div class=\"elementor-element elementor-element-8343326 e-con-full e-flex e-con e-child\" data-id=\"8343326\" data-element_type=\"container\">\n\t\t\t\t<div class=\"elementor-element elementor-element-892dfa9 elementor-widget elementor-widget-heading\" data-id=\"892dfa9\" data-element_type=\"widget\" data-widget_type=\"heading.default\">\n\t\t\t\t<div class=\"elementor-widget-container\">\n\t\t\t\t\t<h3 class=\"elementor-heading-title elementor-size-default\">Branco em evid\u00eancia<\/h3>\t\t\t\t<\/div>\n\t\t\t\t<\/div>\n\t\t\t\t<div class=\"elementor-element elementor-element-3b84866 elementor-widget elementor-widget-text-editor\" data-id=\"3b84866\" data-element_type=\"widget\" data-widget_type=\"text-editor.default\">\n\t\t\t\t<div class=\"elementor-widget-container\">\n\t\t\t\t\t\t\t\t\t<p>O <strong>branco total<\/strong> retorna como sin\u00f4nimo de leveza, pureza e eleg\u00e2ncia.<br \/>Al\u00e9m de ser <strong>atual e vers\u00e1til<\/strong>, \u00e9 uma cor que <strong>vende o ano inteiro<\/strong> \u2014 essencial para revendedores que trabalham com moda resort, praia e casual chic.<\/p>\t\t\t\t\t\t\t\t<\/div>\n\t\t\t\t<\/div>\n\t\t\t\t<\/div>\n\t\t<div class=\"elementor-element elementor-element-7080058 e-con-full e-flex e-con e-child\" data-id=\"7080058\" data-element_type=\"container\">\n\t\t\t\t<div class=\"elementor-element elementor-element-c1aa531 elementor-widget elementor-widget-image\" data-id=\"c1aa531\" data-element_type=\"widget\" data-widget_type=\"image.default\">\n\t\t\t\t<div class=\"elementor-widget-container\">\n\t\t\t\t\t\t\t\t\t\t\t\t\t\t\t<img fetchpriority=\"high\" decoding=\"async\" width=\"1024\" height=\"576\" src=\"https:\/\/marapongamartmoda.com.br\/cearasummerfashion\/wp-content\/uploads\/2025\/10\/IMG_5532-1024x576.jpg\" class=\"attachment-large size-large wp-image-4777\" alt=\"\" srcset=\"https:\/\/marapongamartmoda.com.br\/cearasummerfashion\/wp-content\/uploads\/2025\/10\/IMG_5532-1024x576.jpg 1024w, https:\/\/marapongamartmoda.com.br\/cearasummerfashion\/wp-content\/uploads\/2025\/10\/IMG_5532-300x169.jpg 300w, https:\/\/marapongamartmoda.com.br\/cearasummerfashion\/wp-content\/uploads\/2025\/10\/IMG_5532-768x432.jpg 768w, https:\/\/marapongamartmoda.com.br\/cearasummerfashion\/wp-content\/uploads\/2025\/10\/IMG_5532-1536x864.jpg 1536w, https:\/\/marapongamartmoda.com.br\/cearasummerfashion\/wp-content\/uploads\/2025\/10\/IMG_5532-2048x1152.jpg 2048w\" sizes=\"(max-width: 1024px) 100vw, 1024px\" \/>\t\t\t\t\t\t\t\t\t\t\t\t\t\t\t<\/div>\n\t\t\t\t<\/div>\n\t\t\t\t<\/div>\n\t\t\t\t\t<\/div>\n\t\t\t\t<\/div>\n\t\t<div class=\"elementor-element elementor-element-a8885fb e-flex e-con-boxed e-con e-parent\" data-id=\"a8885fb\" data-element_type=\"container\">\n\t\t\t\t\t<div class=\"e-con-inner\">\n\t\t<div class=\"elementor-element elementor-element-4f0056a e-con-full e-flex e-con e-child\" data-id=\"4f0056a\" data-element_type=\"container\">\n\t\t\t\t<div class=\"elementor-element elementor-element-2d4d339 elementor-widget elementor-widget-gallery\" data-id=\"2d4d339\" data-element_type=\"widget\" data-settings=\"{&quot;columns&quot;:3,&quot;columns_tablet&quot;:3,&quot;overlay_title&quot;:&quot;title&quot;,&quot;lazyload&quot;:&quot;yes&quot;,&quot;gallery_layout&quot;:&quot;grid&quot;,&quot;columns_mobile&quot;:1,&quot;gap&quot;:{&quot;unit&quot;:&quot;px&quot;,&quot;size&quot;:10,&quot;sizes&quot;:[]},&quot;gap_tablet&quot;:{&quot;unit&quot;:&quot;px&quot;,&quot;size&quot;:10,&quot;sizes&quot;:[]},&quot;gap_mobile&quot;:{&quot;unit&quot;:&quot;px&quot;,&quot;size&quot;:10,&quot;sizes&quot;:[]},&quot;link_to&quot;:&quot;file&quot;,&quot;aspect_ratio&quot;:&quot;3:2&quot;,&quot;overlay_background&quot;:&quot;yes&quot;,&quot;content_hover_animation&quot;:&quot;fade-in&quot;}\" data-widget_type=\"gallery.default\">\n\t\t\t\t<div class=\"elementor-widget-container\">\n\t\t\t\t\t\t\t<div class=\"elementor-gallery__container\">\n\t\t\t\t\t\t\t<a class=\"e-gallery-item elementor-gallery-item elementor-animated-content\" href=\"https:\/\/marapongamartmoda.com.br\/cearasummerfashion\/wp-content\/uploads\/2025\/10\/IMG_5470-scaled.jpg\" data-elementor-open-lightbox=\"yes\" data-elementor-lightbox-slideshow=\"all-2d4d339\" data-elementor-lightbox-title=\"Tau Tau\" data-e-action-hash=\"#elementor-action%3Aaction%3Dlightbox%26settings%3DeyJpZCI6NDc3NSwidXJsIjoiaHR0cHM6XC9cL21hcmFwb25nYW1hcnRtb2RhLmNvbS5iclwvY2VhcmFzdW1tZXJmYXNoaW9uXC93cC1jb250ZW50XC91cGxvYWRzXC8yMDI1XC8xMFwvSU1HXzU0NzAtc2NhbGVkLmpwZyIsInNsaWRlc2hvdyI6ImFsbC0yZDRkMzM5In0%3D\">\n\t\t\t\t\t<div class=\"e-gallery-image elementor-gallery-item__image\" data-thumbnail=\"https:\/\/marapongamartmoda.com.br\/cearasummerfashion\/wp-content\/uploads\/2025\/10\/IMG_5470-scaled.jpg\" data-width=\"2560\" data-height=\"1440\" alt=\"\" ><\/div>\n\t\t\t\t\t\t\t\t\t\t\t<div class=\"elementor-gallery-item__overlay\"><\/div>\n\t\t\t\t\t\t\t\t\t\t\t\t\t\t\t<div class=\"elementor-gallery-item__content\">\n\t\t\t\t\t\t\t\t\t\t\t\t\t\t<div class=\"elementor-gallery-item__title\">\n\t\t\t\t\t\t\t\t\t\t\t\t\t\t\t\t\t\tTau Tau\t\t\t\t\t\t\t\t<\/div>\n\t\t\t\t\t\t\t\t\t\t\t\t<\/div>\n\t\t\t\t\t\t\t\t\t<\/a>\n\t\t\t\t\t\t\t<a class=\"e-gallery-item elementor-gallery-item elementor-animated-content\" href=\"https:\/\/marapongamartmoda.com.br\/cearasummerfashion\/wp-content\/uploads\/2025\/10\/IMG_5531-scaled.jpg\" data-elementor-open-lightbox=\"yes\" data-elementor-lightbox-slideshow=\"all-2d4d339\" data-elementor-lightbox-title=\"Joiola\" data-e-action-hash=\"#elementor-action%3Aaction%3Dlightbox%26settings%3DeyJpZCI6NDc3NiwidXJsIjoiaHR0cHM6XC9cL21hcmFwb25nYW1hcnRtb2RhLmNvbS5iclwvY2VhcmFzdW1tZXJmYXNoaW9uXC93cC1jb250ZW50XC91cGxvYWRzXC8yMDI1XC8xMFwvSU1HXzU1MzEtc2NhbGVkLmpwZyIsInNsaWRlc2hvdyI6ImFsbC0yZDRkMzM5In0%3D\">\n\t\t\t\t\t<div class=\"e-gallery-image elementor-gallery-item__image\" data-thumbnail=\"https:\/\/marapongamartmoda.com.br\/cearasummerfashion\/wp-content\/uploads\/2025\/10\/IMG_5531-scaled.jpg\" data-width=\"2560\" data-height=\"1440\" alt=\"\" ><\/div>\n\t\t\t\t\t\t\t\t\t\t\t<div class=\"elementor-gallery-item__overlay\"><\/div>\n\t\t\t\t\t\t\t\t\t\t\t\t\t\t\t<div class=\"elementor-gallery-item__content\">\n\t\t\t\t\t\t\t\t\t\t\t\t\t\t<div class=\"elementor-gallery-item__title\">\n\t\t\t\t\t\t\t\t\t\t\t\t\t\t\t\t\t\tJoiola\t\t\t\t\t\t\t\t<\/div>\n\t\t\t\t\t\t\t\t\t\t\t\t<\/div>\n\t\t\t\t\t\t\t\t\t<\/a>\n\t\t\t\t\t\t\t<a class=\"e-gallery-item elementor-gallery-item elementor-animated-content\" href=\"https:\/\/marapongamartmoda.com.br\/cearasummerfashion\/wp-content\/uploads\/2025\/10\/IMG_5534-scaled.jpg\" data-elementor-open-lightbox=\"yes\" data-elementor-lightbox-slideshow=\"all-2d4d339\" data-elementor-lightbox-title=\"Joiola\" data-e-action-hash=\"#elementor-action%3Aaction%3Dlightbox%26settings%3DeyJpZCI6NDc3OCwidXJsIjoiaHR0cHM6XC9cL21hcmFwb25nYW1hcnRtb2RhLmNvbS5iclwvY2VhcmFzdW1tZXJmYXNoaW9uXC93cC1jb250ZW50XC91cGxvYWRzXC8yMDI1XC8xMFwvSU1HXzU1MzQtc2NhbGVkLmpwZyIsInNsaWRlc2hvdyI6ImFsbC0yZDRkMzM5In0%3D\">\n\t\t\t\t\t<div class=\"e-gallery-image elementor-gallery-item__image\" data-thumbnail=\"https:\/\/marapongamartmoda.com.br\/cearasummerfashion\/wp-content\/uploads\/2025\/10\/IMG_5534-scaled.jpg\" data-width=\"2560\" data-height=\"1440\" alt=\"\" ><\/div>\n\t\t\t\t\t\t\t\t\t\t\t<div class=\"elementor-gallery-item__overlay\"><\/div>\n\t\t\t\t\t\t\t\t\t\t\t\t\t\t\t<div class=\"elementor-gallery-item__content\">\n\t\t\t\t\t\t\t\t\t\t\t\t\t\t<div class=\"elementor-gallery-item__title\">\n\t\t\t\t\t\t\t\t\t\t\t\t\t\t\t\t\t\tJoiola\t\t\t\t\t\t\t\t<\/div>\n\t\t\t\t\t\t\t\t\t\t\t\t<\/div>\n\t\t\t\t\t\t\t\t\t<\/a>\n\t\t\t\t\t\t\t<a class=\"e-gallery-item elementor-gallery-item elementor-animated-content\" href=\"https:\/\/marapongamartmoda.com.br\/cearasummerfashion\/wp-content\/uploads\/2025\/10\/IMG_5545-scaled.jpg\" data-elementor-open-lightbox=\"yes\" data-elementor-lightbox-slideshow=\"all-2d4d339\" data-elementor-lightbox-title=\"Pizzon\" data-e-action-hash=\"#elementor-action%3Aaction%3Dlightbox%26settings%3DeyJpZCI6NDc3OSwidXJsIjoiaHR0cHM6XC9cL21hcmFwb25nYW1hcnRtb2RhLmNvbS5iclwvY2VhcmFzdW1tZXJmYXNoaW9uXC93cC1jb250ZW50XC91cGxvYWRzXC8yMDI1XC8xMFwvSU1HXzU1NDUtc2NhbGVkLmpwZyIsInNsaWRlc2hvdyI6ImFsbC0yZDRkMzM5In0%3D\">\n\t\t\t\t\t<div class=\"e-gallery-image elementor-gallery-item__image\" data-thumbnail=\"https:\/\/marapongamartmoda.com.br\/cearasummerfashion\/wp-content\/uploads\/2025\/10\/IMG_5545-scaled.jpg\" data-width=\"2560\" data-height=\"1440\" alt=\"\" ><\/div>\n\t\t\t\t\t\t\t\t\t\t\t<div class=\"elementor-gallery-item__overlay\"><\/div>\n\t\t\t\t\t\t\t\t\t\t\t\t\t\t\t<div class=\"elementor-gallery-item__content\">\n\t\t\t\t\t\t\t\t\t\t\t\t\t\t<div class=\"elementor-gallery-item__title\">\n\t\t\t\t\t\t\t\t\t\t\t\t\t\t\t\t\t\tPizzon\t\t\t\t\t\t\t\t<\/div>\n\t\t\t\t\t\t\t\t\t\t\t\t<\/div>\n\t\t\t\t\t\t\t\t\t<\/a>\n\t\t\t\t\t\t\t<a class=\"e-gallery-item elementor-gallery-item elementor-animated-content\" href=\"https:\/\/marapongamartmoda.com.br\/cearasummerfashion\/wp-content\/uploads\/2025\/10\/IMG_5546-scaled.jpg\" data-elementor-open-lightbox=\"yes\" data-elementor-lightbox-slideshow=\"all-2d4d339\" data-elementor-lightbox-title=\"Pizzon\" data-e-action-hash=\"#elementor-action%3Aaction%3Dlightbox%26settings%3DeyJpZCI6NDc4MCwidXJsIjoiaHR0cHM6XC9cL21hcmFwb25nYW1hcnRtb2RhLmNvbS5iclwvY2VhcmFzdW1tZXJmYXNoaW9uXC93cC1jb250ZW50XC91cGxvYWRzXC8yMDI1XC8xMFwvSU1HXzU1NDYtc2NhbGVkLmpwZyIsInNsaWRlc2hvdyI6ImFsbC0yZDRkMzM5In0%3D\">\n\t\t\t\t\t<div class=\"e-gallery-image elementor-gallery-item__image\" data-thumbnail=\"https:\/\/marapongamartmoda.com.br\/cearasummerfashion\/wp-content\/uploads\/2025\/10\/IMG_5546-scaled.jpg\" data-width=\"2560\" data-height=\"1440\" alt=\"\" ><\/div>\n\t\t\t\t\t\t\t\t\t\t\t<div class=\"elementor-gallery-item__overlay\"><\/div>\n\t\t\t\t\t\t\t\t\t\t\t\t\t\t\t<div class=\"elementor-gallery-item__content\">\n\t\t\t\t\t\t\t\t\t\t\t\t\t\t<div class=\"elementor-gallery-item__title\">\n\t\t\t\t\t\t\t\t\t\t\t\t\t\t\t\t\t\tPizzon\t\t\t\t\t\t\t\t<\/div>\n\t\t\t\t\t\t\t\t\t\t\t\t<\/div>\n\t\t\t\t\t\t\t\t\t<\/a>\n\t\t\t\t\t\t\t<a class=\"e-gallery-item elementor-gallery-item elementor-animated-content\" href=\"https:\/\/marapongamartmoda.com.br\/cearasummerfashion\/wp-content\/uploads\/2025\/10\/IMG_5555-scaled.jpg\" data-elementor-open-lightbox=\"yes\" data-elementor-lightbox-slideshow=\"all-2d4d339\" data-elementor-lightbox-title=\"Zapri\" data-e-action-hash=\"#elementor-action%3Aaction%3Dlightbox%26settings%3DeyJpZCI6NDc4NCwidXJsIjoiaHR0cHM6XC9cL21hcmFwb25nYW1hcnRtb2RhLmNvbS5iclwvY2VhcmFzdW1tZXJmYXNoaW9uXC93cC1jb250ZW50XC91cGxvYWRzXC8yMDI1XC8xMFwvSU1HXzU1NTUtc2NhbGVkLmpwZyIsInNsaWRlc2hvdyI6ImFsbC0yZDRkMzM5In0%3D\">\n\t\t\t\t\t<div class=\"e-gallery-image elementor-gallery-item__image\" data-thumbnail=\"https:\/\/marapongamartmoda.com.br\/cearasummerfashion\/wp-content\/uploads\/2025\/10\/IMG_5555-scaled.jpg\" data-width=\"2560\" data-height=\"1440\" alt=\"\" ><\/div>\n\t\t\t\t\t\t\t\t\t\t\t<div class=\"elementor-gallery-item__overlay\"><\/div>\n\t\t\t\t\t\t\t\t\t\t\t\t\t\t\t<div class=\"elementor-gallery-item__content\">\n\t\t\t\t\t\t\t\t\t\t\t\t\t\t<div class=\"elementor-gallery-item__title\">\n\t\t\t\t\t\t\t\t\t\t\t\t\t\t\t\t\t\tZapri\t\t\t\t\t\t\t\t<\/div>\n\t\t\t\t\t\t\t\t\t\t\t\t<\/div>\n\t\t\t\t\t\t\t\t\t<\/a>\n\t\t\t\t\t<\/div>\n\t\t\t\t\t<\/div>\n\t\t\t\t<\/div>\n\t\t\t\t<\/div>\n\t\t\t\t\t<\/div>\n\t\t\t\t<\/div>\n\t\t<div class=\"elementor-element elementor-element-c8a5529 e-flex e-con-boxed e-con e-parent\" data-id=\"c8a5529\" data-element_type=\"container\">\n\t\t\t\t\t<div class=\"e-con-inner\">\n\t\t<div class=\"elementor-element elementor-element-7af53a3 e-con-full e-flex e-con e-child\" data-id=\"7af53a3\" data-element_type=\"container\" data-settings=\"{&quot;background_background&quot;:&quot;classic&quot;}\">\n\t\t\t\t<div class=\"elementor-element elementor-element-42104be elementor-widget elementor-widget-heading\" data-id=\"42104be\" data-element_type=\"widget\" data-widget_type=\"heading.default\">\n\t\t\t\t<div class=\"elementor-widget-container\">\n\t\t\t\t\t<h4 class=\"elementor-heading-title elementor-size-default\">Dica de venda: use o branco como base para vitrines de alto ver\u00e3o \u2014 ele real\u00e7a cores vibrantes e cria desejo instant\u00e2neo.<\/h4>\t\t\t\t<\/div>\n\t\t\t\t<\/div>\n\t\t\t\t<\/div>\n\t\t\t\t\t<\/div>\n\t\t\t\t<\/div>\n\t\t<div class=\"elementor-element elementor-element-fe42920 e-flex e-con-boxed e-con e-parent\" data-id=\"fe42920\" data-element_type=\"container\" data-settings=\"{&quot;background_background&quot;:&quot;classic&quot;}\">\n\t\t\t\t\t<div class=\"e-con-inner\">\n\t\t<div class=\"elementor-element elementor-element-caa727b e-con-full e-flex e-con e-child\" data-id=\"caa727b\" data-element_type=\"container\">\n\t\t\t\t<div class=\"elementor-element elementor-element-63b666a elementor-widget elementor-widget-heading\" data-id=\"63b666a\" data-element_type=\"widget\" data-widget_type=\"heading.default\">\n\t\t\t\t<div class=\"elementor-widget-container\">\n\t\t\t\t\t<h3 class=\"elementor-heading-title elementor-size-default\">No Cear\u00e1 Summer Fashion 2025, cor \u00e9 estrat\u00e9gia de venda.<\/h3>\t\t\t\t<\/div>\n\t\t\t\t<\/div>\n\t\t\t\t<div class=\"elementor-element elementor-element-720cebb elementor-widget__width-initial elementor-widget elementor-widget-text-editor\" data-id=\"720cebb\" data-element_type=\"widget\" data-widget_type=\"text-editor.default\">\n\t\t\t\t<div class=\"elementor-widget-container\">\n\t\t\t\t\t\t\t\t\t<p>As paletas do <strong>Alto Ver\u00e3o 2026<\/strong> unem desejo, identidade e resultado \u2014 pensadas para quem compra com prop\u00f3sito e vende com estilo.No Maraponga Mart Moda, voc\u00ea encontra as marcas que lan\u00e7am primeiro as cores que mais vendem: dos <strong>past\u00e9is delicados<\/strong> aos <strong>c\u00edtricos vibrantes<\/strong> e <strong>terrosos sofisticados<\/strong>.<\/p><p><strong>Invista em um mix inteligente<\/strong>, com combina\u00e7\u00f5es vers\u00e1teis e atualizadas que valorizam sua vitrine, elevam o ticket m\u00e9dio e fortalecem sua revenda.<\/p>\t\t\t\t\t\t\t\t<\/div>\n\t\t\t\t<\/div>\n\t\t\t\t<div class=\"elementor-element elementor-element-dc0bd99 elementor-align-center elementor-widget elementor-widget-button\" data-id=\"dc0bd99\" data-element_type=\"widget\" data-widget_type=\"button.default\">\n\t\t\t\t<div class=\"elementor-widget-container\">\n\t\t\t\t\t\t\t\t\t<div class=\"elementor-button-wrapper\">\n\t\t\t\t\t<a class=\"elementor-button elementor-button-link elementor-size-sm elementor-animation-skew-forward\" href=\"#\" target=\"_blank\">\n\t\t\t\t\t\t<span class=\"elementor-button-content-wrapper\">\n\t\t\t\t\t\t\t\t\t<span class=\"elementor-button-text\">Clique aqui<\/span>\n\t\t\t\t\t<\/span>\n\t\t\t\t\t<\/a>\n\t\t\t\t<\/div>\n\t\t\t\t\t\t\t\t<\/div>\n\t\t\t\t<\/div>\n\t\t\t\t<\/div>\n\t\t\t\t\t<\/div>\n\t\t\t\t<\/div>\n\t\t\t\t<\/div>\n\t\t","protected":false},"excerpt":{"rendered":"<p>Branco em evid\u00eancia Cores do Alto Ver\u00e3o 2026 A paleta que vai movimentar as vitrines e impulsionar as vendas no atacado As cores do Alto Ver\u00e3o 2026 chegam com prop\u00f3sito: inspirar emo\u00e7\u00e3o, traduzir frescor tropical e gerar desejo imediato no ponto de venda.A temporada aposta em uma paleta que une leveza, otimismo e sofistica\u00e7\u00e3o, perfeita [&hellip;]<\/p>\n","protected":false},"author":1,"featured_media":0,"parent":0,"menu_order":0,"comment_status":"closed","ping_status":"closed","template":"","meta":{"_uag_custom_page_level_css":"","site-sidebar-layout":"no-sidebar","site-content-layout":"page-builder","ast-site-content-layout":"full-width-container","site-content-style":"default","site-sidebar-style":"default","ast-global-header-display":"","ast-banner-title-visibility":"","ast-main-header-display":"","ast-hfb-above-header-display":"","ast-hfb-below-header-display":"","ast-hfb-mobile-header-display":"","site-post-title":"","ast-breadcrumbs-content":"","ast-featured-img":"disabled","footer-sml-layout":"","theme-transparent-header-meta":"","adv-header-id-meta":"","stick-header-meta":"","header-above-stick-meta":"","header-main-stick-meta":"","header-below-stick-meta":"","astra-migrate-meta-layouts":"set","ast-page-background-enabled":"default","ast-page-background-meta":{"desktop":{"background-color":"","background-image":"","background-repeat":"repeat","background-position":"center center","background-size":"auto","background-attachment":"scroll","background-type":"","background-media":"","overlay-type":"","overlay-color":"","overlay-opacity":"","overlay-gradient":""},"tablet":{"background-color":"","background-image":"","background-repeat":"repeat","background-position":"center center","background-size":"auto","background-attachment":"scroll","background-type":"","background-media":"","overlay-type":"","overlay-color":"","overlay-opacity":"","overlay-gradient":""},"mobile":{"background-color":"","background-image":"","background-repeat":"repeat","background-position":"center center","background-size":"auto","background-attachment":"scroll","background-type":"","background-media":"","overlay-type":"","overlay-color":"","overlay-opacity":"","overlay-gradient":""}},"ast-content-background-meta":{"desktop":{"background-color":"var(--ast-global-color-5)","background-image":"","background-repeat":"repeat","background-position":"center center","background-size":"auto","background-attachment":"scroll","background-type":"","background-media":"","overlay-type":"","overlay-color":"","overlay-opacity":"","overlay-gradient":""},"tablet":{"background-color":"var(--ast-global-color-5)","background-image":"","background-repeat":"repeat","background-position":"center center","background-size":"auto","background-attachment":"scroll","background-type":"","background-media":"","overlay-type":"","overlay-color":"","overlay-opacity":"","overlay-gradient":""},"mobile":{"background-color":"var(--ast-global-color-5)","background-image":"","background-repeat":"repeat","background-position":"center center","background-size":"auto","background-attachment":"scroll","background-type":"","background-media":"","overlay-type":"","overlay-color":"","overlay-opacity":"","overlay-gradient":""}},"footnotes":""},"marcas":[],"class_list":["post-4773","page","type-page","status-publish","hentry"],"uagb_featured_image_src":{"full":false,"thumbnail":false,"medium":false,"medium_large":false,"large":false,"1536x1536":false,"2048x2048":false,"htmega_size_585x295":false,"htmega_size_1170x536":false,"htmega_size_396x360":false},"uagb_author_info":{"display_name":"andre@mmmoda","author_link":"https:\/\/marapongamartmoda.com.br\/cearasummerfashion\/author\/andremmmoda\/"},"uagb_comment_info":0,"uagb_excerpt":"Branco em evid\u00eancia Cores do Alto Ver\u00e3o 2026 A paleta que vai movimentar as vitrines e impulsionar as vendas no atacado As cores do Alto Ver\u00e3o 2026 chegam com prop\u00f3sito: inspirar emo\u00e7\u00e3o, traduzir frescor tropical e gerar desejo imediato no ponto de venda.A temporada aposta em uma paleta que une leveza, otimismo e sofistica\u00e7\u00e3o, perfeita&hellip;","_links":{"self":[{"href":"https:\/\/marapongamartmoda.com.br\/cearasummerfashion\/wp-json\/wp\/v2\/pages\/4773","targetHints":{"allow":["GET"]}}],"collection":[{"href":"https:\/\/marapongamartmoda.com.br\/cearasummerfashion\/wp-json\/wp\/v2\/pages"}],"about":[{"href":"https:\/\/marapongamartmoda.com.br\/cearasummerfashion\/wp-json\/wp\/v2\/types\/page"}],"author":[{"embeddable":true,"href":"https:\/\/marapongamartmoda.com.br\/cearasummerfashion\/wp-json\/wp\/v2\/users\/1"}],"replies":[{"embeddable":true,"href":"https:\/\/marapongamartmoda.com.br\/cearasummerfashion\/wp-json\/wp\/v2\/comments?post=4773"}],"version-history":[{"count":46,"href":"https:\/\/marapongamartmoda.com.br\/cearasummerfashion\/wp-json\/wp\/v2\/pages\/4773\/revisions"}],"predecessor-version":[{"id":4973,"href":"https:\/\/marapongamartmoda.com.br\/cearasummerfashion\/wp-json\/wp\/v2\/pages\/4773\/revisions\/4973"}],"wp:attachment":[{"href":"https:\/\/marapongamartmoda.com.br\/cearasummerfashion\/wp-json\/wp\/v2\/media?parent=4773"}],"wp:term":[{"taxonomy":"marcas","embeddable":true,"href":"https:\/\/marapongamartmoda.com.br\/cearasummerfashion\/wp-json\/wp\/v2\/marcas?post=4773"}],"curies":[{"name":"wp","href":"https:\/\/api.w.org\/{rel}","templated":true}]}}